{"id":69,"date":"2020-05-11T17:18:40","date_gmt":"2020-05-11T17:18:40","guid":{"rendered":"https:\/\/philipp.michaelstangl.de\/?page_id=69"},"modified":"2021-04-12T18:21:38","modified_gmt":"2021-04-12T18:21:38","slug":"psychologin-dr-biskup-meyer","status":"publish","type":"page","link":"https:\/\/praxis-biskup-meyer.de\/?page_id=69","title":{"rendered":"Dr. Karin Biskup-Meyer"},"content":{"rendered":"\n<div class=\"wp-block-group alignwide\"><div class=\"wp-block-group__inner-container is-layout-flow wp-block-group-is-layout-flow\">\n<div class=\"wp-block-columns alignwide is-layout-flex wp-container-core-columns-is-layout-1 wp-block-columns-is-layout-flex\">\n<div class=\"wp-block-column is-layout-flow wp-block-column-is-layout-flow\">\n<p><strong>Ausbildung<\/strong><\/p>\n\n\n\n<p class=\"has-text-align-left\"><sub>Studium der Humanmedizin an der Heinrich-Heine-Universit\u00e4t D\u00fcsseldorf<\/sub><\/p>\n\n\n\n<p class=\"has-text-align-left\"><sub>Promotion Medizinische Fakult\u00e4t der Medizinischen Universit\u00e4t zu L\u00fcbeck<\/sub><\/p>\n\n\n\n<p><sub>Facharztausbildung zur Kinder- und Jugendpsychiaterin Vestische Kinder- und Jugendklinik Datteln, Universit\u00e4t Witten\/Herdecke<\/sub><\/p>\n\n\n\n<p class=\"has-text-align-left\"><sub>Klinik f\u00fcr Dynamische Psychiatrie M\u00fcnchen GmbH, Fachkrankenhaus f\u00fcr station\u00e4re Psychotherapie, Psychosomatik und Psychoanalyse im Adoleszenten- und Erwachsenenalter<\/sub><\/p>\n\n\n\n<p class=\"has-text-align-left\"><sub>Kinder- und Jugendpsychiatrische Beratungsstelle &#8211; Referat f\u00fcr Gesundheit der Landeshauptstadt M\u00fcnchen<\/sub><\/p>\n\n\n\n<p><\/p>\n<\/div>\n\n\n\n<div class=\"wp-block-column is-layout-flow wp-block-column-is-layout-flow\">\n<p><strong>Zulassung<\/strong><\/p>\n\n\n\n<p class=\"has-text-align-left\"><sub>Approbation als Arzt (erteilt durch Der Regierungspr\u00e4sident D\u00fcsseldorf, 1987)<\/sub><\/p>\n\n\n\n<p class=\"has-text-align-left\"><sub>Bayerische Landes\u00e4rztekammer Anerkennung Kinder- und Jugendpsychiaterin 1994<\/sub><\/p>\n\n\n\n<p class=\"has-text-align-left\"><sub>Bayerische Landes\u00e4rztekammer Anerkennung Zusatzbezeichnung Psychotherapie 2003<\/sub><\/p>\n\n\n\n<p class=\"has-text-align-left\"><sub>Kammerangeh\u00f6rigkeit BL\u00c4K, Berufsrecht Berufsordnung f\u00fcr die \u00c4rzte Bayerns<\/sub><\/p>\n\n\n\n<p class=\"has-text-align-left\"><\/p>\n<\/div>\n\n\n\n<div class=\"wp-block-column is-layout-flow wp-block-column-is-layout-flow\">\n<p><strong>Auslandserfahrung<\/strong><\/p>\n\n\n\n<p class=\"has-text-align-left\"><sub>Stanford University School of Medicine, Department of Psychiatry and Behavior Sciences<\/sub><\/p>\n\n\n\n<p class=\"has-text-align-left\"><sub>Scholar University of California San Francisco, Department of Psychiatry &amp; Langley Porter Psychiatric Institute, Pervasive Developmental Disorders Clinic and Laboratory<\/sub><\/p>\n\n\n\n<p class=\"has-text-align-left\"><sub>MRI Mental Research Institute Palo Alto, California, Residency Program und Workshops, Training Courses<\/sub><\/p>\n<\/div>\n<\/div>\n<\/div><\/div>\n\n\n\n<h2 class=\"wp-block-heading\"><\/h2>\n\n\n\n<p><a href=\"https:\/\/praxis-biskup-meyer.de\/?page_id=20\" title=\"Kontaktaufnahme\">Zur Kontaktaufnahme<\/a><\/p>\n","protected":false},"excerpt":{"rendered":"<p>Ausbildung Studium der Humanmedizin an der Heinrich-Heine-Universit\u00e4t D\u00fcsseldorf Promotion Medizinische Fakult\u00e4t der Medizinischen Universit\u00e4t zu L\u00fcbeck Facharztausbildung zur Kinder- und Jugendpsychiaterin Vestische Kinder- und Jugendklinik Datteln, Universit\u00e4t Witten\/Herdecke Klinik f\u00fcr Dynamische Psychiatrie M\u00fcnchen GmbH, Fachkrankenhaus f\u00fcr station\u00e4re Psychotherapie, Psychosomatik und Psychoanalyse im Adoleszenten- und Erwachsenenalter Kinder- und Jugendpsychiatrische Beratungsstelle &#8211; Referat f\u00fcr Gesundheit der&#8230;<\/p>\n<p class=\"read-more\"><a class=\"btn btn-default\" href=\"https:\/\/praxis-biskup-meyer.de\/?page_id=69\"> Read More<span class=\"screen-reader-text\">  Read More<\/span><\/a><\/p>\n","protected":false},"author":4,"featured_media":0,"parent":0,"menu_order":0,"comment_status":"closed","ping_status":"closed","template":"","meta":{"_monsterinsights_skip_tracking":false,"_monsterinsights_sitenote_active":false,"_monsterinsights_sitenote_note":"","_monsterinsights_sitenote_category":0,"footnotes":""},"aioseo_notices":[],"_links":{"self":[{"href":"https:\/\/praxis-biskup-meyer.de\/index.php?rest_route=\/wp\/v2\/pages\/69"}],"collection":[{"href":"https:\/\/praxis-biskup-meyer.de\/index.php?rest_route=\/wp\/v2\/pages"}],"about":[{"href":"https:\/\/praxis-biskup-meyer.de\/index.php?rest_route=\/wp\/v2\/types\/page"}],"author":[{"embeddable":true,"href":"https:\/\/praxis-biskup-meyer.de\/index.php?rest_route=\/wp\/v2\/users\/4"}],"replies":[{"embeddable":true,"href":"https:\/\/praxis-biskup-meyer.de\/index.php?rest_route=%2Fwp%2Fv2%2Fcomments&post=69"}],"version-history":[{"count":7,"href":"https:\/\/praxis-biskup-meyer.de\/index.php?rest_route=\/wp\/v2\/pages\/69\/revisions"}],"predecessor-version":[{"id":428,"href":"https:\/\/praxis-biskup-meyer.de\/index.php?rest_route=\/wp\/v2\/pages\/69\/revisions\/428"}],"wp:attachment":[{"href":"https:\/\/praxis-biskup-meyer.de\/index.php?rest_route=%2Fwp%2Fv2%2Fmedia&parent=69"}],"curies":[{"name":"wp","href":"https:\/\/api.w.org\/{rel}","templated":true}]}}