{"id":195,"date":"2020-10-19T20:53:50","date_gmt":"2020-10-19T20:53:50","guid":{"rendered":"https:\/\/philipp.michaelstangl.de\/?page_id=195"},"modified":"2025-07-19T18:00:24","modified_gmt":"2025-07-19T18:00:24","slug":"behandlungssprektrum","status":"publish","type":"page","link":"https:\/\/praxis-biskup-meyer.de\/?page_id=195","title":{"rendered":"Spektrum der Behandlungen"},"content":{"rendered":"\n<p class=\"has-text-align-center\">\u00dcbersicht \u00fcber das vollst\u00e4ndige Behandlungsspektrum in meiner Praxis<\/p>\n\n\n\n<div style=\"height:20px\" aria-hidden=\"true\" class=\"wp-block-spacer\"><\/div>\n\n\n\n<div class=\"wp-block-columns is-layout-flex wp-container-core-columns-is-layout-1 wp-block-columns-is-layout-flex\">\n<div class=\"wp-block-column is-layout-flow wp-block-column-is-layout-flow\">\n<p class=\"has-text-align-left has-small-font-size\">Fach\u00e4rztliche Schulatteste bei Lese-Rechtschreibschw\u00e4che oder Legasthenie<\/p>\n\n\n\n<p class=\"has-text-align-left has-small-font-size\">Akute Belastungsreaktionen auf Krisensituationen zB. Trennung\/Scheidung\/Unfall<br><br>Begutachtungen im Rahmen der Bewilligung von Eingliederungshilfe gem\u00e4\u00df \u00a735 a SGB VIII Kinder- und Jugend-hilfegesetz und <br>\u00a799 SGB IX<br><br>Gutachtliche kinderpsychiatrische Stellungnahmen zum Entwicklungsstand des Kindes<br><br>Intelligenzdiagnostik, Pers\u00f6nlichkeitsdiagnostik, Verhaltensbeobachtung, Interaktionsanalyse<\/p>\n\n\n\n<p><\/p>\n<\/div>\n\n\n\n<div class=\"wp-block-column is-layout-flow wp-block-column-is-layout-flow\">\n<p class=\"has-text-align-left has-small-font-size\">Aufmerksamkeits- und Konzentrationsst\u00f6rungen ADS \/ ADHS<\/p>\n\n\n\n<p class=\"has-text-align-left has-small-font-size\">Hyperkinetische St\u00f6rung im Kindesalter<\/p>\n\n\n\n<p class=\"has-text-align-left has-small-font-size\">Emotionale St\u00f6rungen mit Trennungsangst des Kindesalters<\/p>\n\n\n\n<p class=\"has-text-align-left has-small-font-size\">Angst- und Panikst\u00f6rungen<\/p>\n\n\n\n<p class=\"has-text-align-left has-small-font-size\">Schulangst\/-verweigerung<\/p>\n\n\n\n<p class=\"has-text-align-left has-small-font-size\">Depressive Erkrankungen<\/p>\n\n\n\n<p class=\"has-text-align-left has-small-font-size\">Psychosomatische Erkrankungen<\/p>\n<\/div>\n\n\n\n<div class=\"wp-block-column is-layout-flow wp-block-column-is-layout-flow\">\n<p class=\"has-small-font-size\">Zwangsst\u00f6rungen<\/p>\n\n\n\n<p class=\"has-text-align-left has-small-font-size\">Ticst\u00f6rungen<\/p>\n\n\n\n<p class=\"has-text-align-left has-small-font-size\">Essst\u00f6rungen\/ Anorexie \/ Bulimie<\/p>\n\n\n\n<p class=\"has-text-align-left has-small-font-size\">Autistische St\u00f6rungen<\/p>\n\n\n\n<p class=\"has-text-align-left has-small-font-size\">Anpassungsst\u00f6rungen mit Angst und \/ oder oppositionellem Verhalten<\/p>\n\n\n\n<p class=\"has-text-align-left has-small-font-size\">St\u00f6rungen des Sozialverhaltens<\/p>\n\n\n\n<p class=\"has-text-align-left has-small-font-size\">Rechenschw\u00e4che\/ Dyskalkulie<\/p>\n\n\n\n<p class=\"has-text-align-left has-small-font-size\"><\/p>\n<\/div>\n<\/div>\n\n\n\n<p><a href=\"https:\/\/praxis-biskup-meyer.de\/?page_id=20\" title=\"Kontaktaufnahme\">Zur Kontaktaufnahme<\/a><\/p>\n","protected":false},"excerpt":{"rendered":"<p>\u00dcbersicht \u00fcber das vollst\u00e4ndige Behandlungsspektrum in meiner Praxis Fach\u00e4rztliche Schulatteste bei Lese-Rechtschreibschw\u00e4che oder Legasthenie Akute Belastungsreaktionen auf Krisensituationen zB. Trennung\/Scheidung\/Unfall Begutachtungen im Rahmen der Bewilligung von Eingliederungshilfe gem\u00e4\u00df \u00a735 a SGB VIII Kinder- und Jugend-hilfegesetz und \u00a799 SGB IX Gutachtliche kinderpsychiatrische Stellungnahmen zum Entwicklungsstand des Kindes Intelligenzdiagnostik, Pers\u00f6nlichkeitsdiagnostik, Verhaltensbeobachtung, Interaktionsanalyse Aufmerksamkeits- und Konzentrationsst\u00f6rungen ADS&#8230;<\/p>\n<p class=\"read-more\"><a class=\"btn btn-default\" href=\"https:\/\/praxis-biskup-meyer.de\/?page_id=195\"> Read More<span class=\"screen-reader-text\">  Read More<\/span><\/a><\/p>\n","protected":false},"author":4,"featured_media":0,"parent":0,"menu_order":0,"comment_status":"closed","ping_status":"closed","template":"","meta":{"_monsterinsights_skip_tracking":false,"_monsterinsights_sitenote_active":false,"_monsterinsights_sitenote_note":"","_monsterinsights_sitenote_category":0,"footnotes":""},"aioseo_notices":[],"_links":{"self":[{"href":"https:\/\/praxis-biskup-meyer.de\/index.php?rest_route=\/wp\/v2\/pages\/195"}],"collection":[{"href":"https:\/\/praxis-biskup-meyer.de\/index.php?rest_route=\/wp\/v2\/pages"}],"about":[{"href":"https:\/\/praxis-biskup-meyer.de\/index.php?rest_route=\/wp\/v2\/types\/page"}],"author":[{"embeddable":true,"href":"https:\/\/praxis-biskup-meyer.de\/index.php?rest_route=\/wp\/v2\/users\/4"}],"replies":[{"embeddable":true,"href":"https:\/\/praxis-biskup-meyer.de\/index.php?rest_route=%2Fwp%2Fv2%2Fcomments&post=195"}],"version-history":[{"count":10,"href":"https:\/\/praxis-biskup-meyer.de\/index.php?rest_route=\/wp\/v2\/pages\/195\/revisions"}],"predecessor-version":[{"id":517,"href":"https:\/\/praxis-biskup-meyer.de\/index.php?rest_route=\/wp\/v2\/pages\/195\/revisions\/517"}],"wp:attachment":[{"href":"https:\/\/praxis-biskup-meyer.de\/index.php?rest_route=%2Fwp%2Fv2%2Fmedia&parent=195"}],"curies":[{"name":"wp","href":"https:\/\/api.w.org\/{rel}","templated":true}]}}